{"id":38,"date":"2017-03-29T21:01:19","date_gmt":"2017-03-29T19:01:19","guid":{"rendered":"https:\/\/mn-bikes.de\/wordpress\/?page_id=38"},"modified":"2021-03-22T22:37:04","modified_gmt":"2021-03-22T21:37:04","slug":"versand","status":"publish","type":"page","link":"https:\/\/mn-bikes.de\/index.php\/versand\/","title":{"rendered":"Versand"},"content":{"rendered":"<p>Gerne k\u00f6nnen wir die Fahrr\u00e4der, Fahrradteile und Rahmen weltweit versenden. Wir versenden ausschlie\u00dflich per versicherten Versand mit Sendungsverfolgung.<\/p>\n<p><strong>Fahrr\u00e4der:<\/strong><\/p>\n<p>Deutschland: ab 45,80\u20ac (fahrfertig)<\/p>\n<p>Europa: <span style=\"color: #000000;\"><a href=\"https:\/\/mn-bikes.de\/index.php\/kontakt\/\" target=\"_blank\" rel=\"noopener\">auf Anfrage<\/a><\/span><\/p>\n<p>Weltweit: <a href=\"https:\/\/mn-bikes.de\/index.php\/kontakt\/\" target=\"_blank\" rel=\"noopener\">auf Anfrage (inklusive Zollabwicklung)<\/a><\/p>\n<p><strong>Fahrradteile:<\/strong><\/p>\n<p>Deutschland: 4,99\u20ac &#8211; 15,99\u20ac je nach Gewicht und Gr\u00f6\u00dfe<\/p>\n<p>Europa: <a href=\"https:\/\/mn-bikes.de\/index.php\/kontakt\/\" target=\"_blank\" rel=\"noopener\">auf Anfrage<\/a><\/p>\n<p>Weltweit: <a href=\"https:\/\/mn-bikes.de\/index.php\/kontakt\/\">auf Anfrage (inklusive Zollabwicklung)<\/a><\/p>\n","protected":false},"excerpt":{"rendered":"<p>Gerne k\u00f6nnen wir die Fahrr\u00e4der, Fahrradteile und Rahmen weltweit versenden. Wir versenden ausschlie\u00dflich per versicherten Versand mit Sendungsverfolgung. Fahrr\u00e4der: Deutschland:<\/p>\n","protected":false},"author":1,"featured_media":0,"parent":0,"menu_order":0,"comment_status":"closed","ping_status":"closed","template":"","meta":{"footnotes":""},"class_list":["post-38","page","type-page","status-publish","hentry"],"_links":{"self":[{"href":"https:\/\/mn-bikes.de\/index.php\/wp-json\/wp\/v2\/pages\/38","targetHints":{"allow":["GET"]}}],"collection":[{"href":"https:\/\/mn-bikes.de\/index.php\/wp-json\/wp\/v2\/pages"}],"about":[{"href":"https:\/\/mn-bikes.de\/index.php\/wp-json\/wp\/v2\/types\/page"}],"author":[{"embeddable":true,"href":"https:\/\/mn-bikes.de\/index.php\/wp-json\/wp\/v2\/users\/1"}],"replies":[{"embeddable":true,"href":"https:\/\/mn-bikes.de\/index.php\/wp-json\/wp\/v2\/comments?post=38"}],"version-history":[{"count":11,"href":"https:\/\/mn-bikes.de\/index.php\/wp-json\/wp\/v2\/pages\/38\/revisions"}],"predecessor-version":[{"id":617,"href":"https:\/\/mn-bikes.de\/index.php\/wp-json\/wp\/v2\/pages\/38\/revisions\/617"}],"wp:attachment":[{"href":"https:\/\/mn-bikes.de\/index.php\/wp-json\/wp\/v2\/media?parent=38"}],"curies":[{"name":"wp","href":"https:\/\/api.w.org\/{rel}","templated":true}]}}